{"id":27,"date":"2012-04-11T06:46:09","date_gmt":"2012-04-11T06:46:09","guid":{"rendered":"http:\/\/www.jkartproduction.cz\/wp\/?page_id=27"},"modified":"2012-09-21T10:30:09","modified_gmt":"2012-09-21T10:30:09","slug":"maturitni-klip","status":"publish","type":"page","link":"http:\/\/www.jkartproduction.cz\/wp\/?page_id=27","title":{"rendered":"Maturitn\u00ed klip"},"content":{"rendered":"<p>Podle va\u0161ich p\u0159edstav a sc\u00e9n\u00e1\u0159e v\u00e1m nato\u010d\u00edme maturitn\u00ed klip<br \/>\n<a href=\"http:\/\/vimeo.com\/37263072\" target=\"_blank\"> Uk\u00e1zka<\/a><\/p>\n","protected":false},"excerpt":{"rendered":"<p>Podle va\u0161ich p\u0159edstav a sc\u00e9n\u00e1\u0159e v\u00e1m nato\u010d\u00edme maturitn\u00ed klip Uk\u00e1zka<\/p>\n","protected":false},"author":1,"featured_media":0,"parent":23,"menu_order":0,"comment_status":"open","ping_status":"open","template":"","meta":{"footnotes":""},"class_list":["post-27","page","type-page","status-publish","hentry"],"_links":{"self":[{"href":"http:\/\/www.jkartproduction.cz\/wp\/index.php?rest_route=\/wp\/v2\/pages\/27","targetHints":{"allow":["GET"]}}],"collection":[{"href":"http:\/\/www.jkartproduction.cz\/wp\/index.php?rest_route=\/wp\/v2\/pages"}],"about":[{"href":"http:\/\/www.jkartproduction.cz\/wp\/index.php?rest_route=\/wp\/v2\/types\/page"}],"author":[{"embeddable":true,"href":"http:\/\/www.jkartproduction.cz\/wp\/index.php?rest_route=\/wp\/v2\/users\/1"}],"replies":[{"embeddable":true,"href":"http:\/\/www.jkartproduction.cz\/wp\/index.php?rest_route=%2Fwp%2Fv2%2Fcomments&post=27"}],"version-history":[{"count":4,"href":"http:\/\/www.jkartproduction.cz\/wp\/index.php?rest_route=\/wp\/v2\/pages\/27\/revisions"}],"predecessor-version":[{"id":639,"href":"http:\/\/www.jkartproduction.cz\/wp\/index.php?rest_route=\/wp\/v2\/pages\/27\/revisions\/639"}],"up":[{"embeddable":true,"href":"http:\/\/www.jkartproduction.cz\/wp\/index.php?rest_route=\/wp\/v2\/pages\/23"}],"wp:attachment":[{"href":"http:\/\/www.jkartproduction.cz\/wp\/index.php?rest_route=%2Fwp%2Fv2%2Fmedia&parent=27"}],"curies":[{"name":"wp","href":"https:\/\/api.w.org\/{rel}","templated":true}]}}