{"id":49,"date":"2012-04-11T07:05:29","date_gmt":"2012-04-11T07:05:29","guid":{"rendered":"http:\/\/www.jkartproduction.cz\/wp\/?page_id=49"},"modified":"2012-05-22T14:38:32","modified_gmt":"2012-05-22T14:38:32","slug":"tanecni-skupiny","status":"publish","type":"page","link":"http:\/\/www.jkartproduction.cz\/wp\/?page_id=49","title":{"rendered":"Tane\u010dn\u00ed skupiny"},"content":{"rendered":"<p>Tane\u010dn\u00ed skupina EFK<\/p>\n<p>Tane\u010dn\u00ed skupina FARIDA &#8211; orient\u00e1ln\u00ed tance<\/p>\n","protected":false},"excerpt":{"rendered":"<p>Tane\u010dn\u00ed skupina EFK Tane\u010dn\u00ed skupina FARIDA &#8211; orient\u00e1ln\u00ed tance<\/p>\n","protected":false},"author":1,"featured_media":0,"parent":39,"menu_order":3,"comment_status":"open","ping_status":"open","template":"","meta":{"footnotes":""},"class_list":["post-49","page","type-page","status-publish","hentry"],"_links":{"self":[{"href":"http:\/\/www.jkartproduction.cz\/wp\/index.php?rest_route=\/wp\/v2\/pages\/49","targetHints":{"allow":["GET"]}}],"collection":[{"href":"http:\/\/www.jkartproduction.cz\/wp\/index.php?rest_route=\/wp\/v2\/pages"}],"about":[{"href":"http:\/\/www.jkartproduction.cz\/wp\/index.php?rest_route=\/wp\/v2\/types\/page"}],"author":[{"embeddable":true,"href":"http:\/\/www.jkartproduction.cz\/wp\/index.php?rest_route=\/wp\/v2\/users\/1"}],"replies":[{"embeddable":true,"href":"http:\/\/www.jkartproduction.cz\/wp\/index.php?rest_route=%2Fwp%2Fv2%2Fcomments&post=49"}],"version-history":[{"count":2,"href":"http:\/\/www.jkartproduction.cz\/wp\/index.php?rest_route=\/wp\/v2\/pages\/49\/revisions"}],"predecessor-version":[{"id":662,"href":"http:\/\/www.jkartproduction.cz\/wp\/index.php?rest_route=\/wp\/v2\/pages\/49\/revisions\/662"}],"up":[{"embeddable":true,"href":"http:\/\/www.jkartproduction.cz\/wp\/index.php?rest_route=\/wp\/v2\/pages\/39"}],"wp:attachment":[{"href":"http:\/\/www.jkartproduction.cz\/wp\/index.php?rest_route=%2Fwp%2Fv2%2Fmedia&parent=49"}],"curies":[{"name":"wp","href":"https:\/\/api.w.org\/{rel}","templated":true}]}}