{"id":678,"date":"2012-05-23T06:43:46","date_gmt":"2012-05-23T06:43:46","guid":{"rendered":"http:\/\/www.jkartproduction.cz\/wp\/?page_id=678"},"modified":"2012-05-23T06:45:18","modified_gmt":"2012-05-23T06:45:18","slug":"ostatni-zanry","status":"publish","type":"page","link":"http:\/\/www.jkartproduction.cz\/wp\/?page_id=678","title":{"rendered":"Ostatn\u00ed \u017e\u00e1nry"},"content":{"rendered":"<p><strong>Vehicle CLUB BAND<\/strong><\/p>\n<p>Skupina\u00a0by se dala p\u0159irovnat ke zn\u00e1m\u00e9 pra\u017esk\u00e9 patrole \u0160LAPETO. V reperto\u00e1ru m\u00e1\u00a0jak klasick\u00e9 dechovky, tak staropra\u017esk\u00e9 p\u00edsni\u010dky. To v\u0161echno v dobov\u00fdch od\u011bvech a za p\u0159\u00edtomnosti n\u00e1stroj\u016f: harmonika, housle, trubka, kytara, bic\u00ed<\/p>\n<p><a href=\"http:\/\/www.jkartproduction.cz\/wp\/wp-content\/uploads\/2012\/05\/vehicle.jpg\"><img loading=\"lazy\" decoding=\"async\" class=\"alignnone size-medium wp-image-679\" title=\"vehicle\" src=\"http:\/\/www.jkartproduction.cz\/wp\/wp-content\/uploads\/2012\/05\/vehicle-300x199.jpg\" alt=\"\" width=\"300\" height=\"199\" srcset=\"http:\/\/www.jkartproduction.cz\/wp\/wp-content\/uploads\/2012\/05\/vehicle-300x199.jpg 300w, http:\/\/www.jkartproduction.cz\/wp\/wp-content\/uploads\/2012\/05\/vehicle.jpg 800w\" sizes=\"auto, (max-width: 300px) 100vw, 300px\" \/><\/a><\/p>\n<p>&nbsp;<\/p>\n","protected":false},"excerpt":{"rendered":"<p>Vehicle CLUB BAND Skupina\u00a0by se dala p\u0159irovnat ke zn\u00e1m\u00e9 pra\u017esk\u00e9 patrole \u0160LAPETO. V reperto\u00e1ru m\u00e1\u00a0jak klasick\u00e9 dechovky, tak staropra\u017esk\u00e9 p\u00edsni\u010dky. To v\u0161echno v dobov\u00fdch od\u011bvech a za p\u0159\u00edtomnosti n\u00e1stroj\u016f: harmonika, housle, trubka, kytara, bic\u00ed &nbsp;<\/p>\n","protected":false},"author":1,"featured_media":0,"parent":0,"menu_order":0,"comment_status":"closed","ping_status":"open","template":"","meta":{"footnotes":""},"class_list":["post-678","page","type-page","status-publish","hentry"],"_links":{"self":[{"href":"http:\/\/www.jkartproduction.cz\/wp\/index.php?rest_route=\/wp\/v2\/pages\/678","targetHints":{"allow":["GET"]}}],"collection":[{"href":"http:\/\/www.jkartproduction.cz\/wp\/index.php?rest_route=\/wp\/v2\/pages"}],"about":[{"href":"http:\/\/www.jkartproduction.cz\/wp\/index.php?rest_route=\/wp\/v2\/types\/page"}],"author":[{"embeddable":true,"href":"http:\/\/www.jkartproduction.cz\/wp\/index.php?rest_route=\/wp\/v2\/users\/1"}],"replies":[{"embeddable":true,"href":"http:\/\/www.jkartproduction.cz\/wp\/index.php?rest_route=%2Fwp%2Fv2%2Fcomments&post=678"}],"version-history":[{"count":2,"href":"http:\/\/www.jkartproduction.cz\/wp\/index.php?rest_route=\/wp\/v2\/pages\/678\/revisions"}],"predecessor-version":[{"id":683,"href":"http:\/\/www.jkartproduction.cz\/wp\/index.php?rest_route=\/wp\/v2\/pages\/678\/revisions\/683"}],"wp:attachment":[{"href":"http:\/\/www.jkartproduction.cz\/wp\/index.php?rest_route=%2Fwp%2Fv2%2Fmedia&parent=678"}],"curies":[{"name":"wp","href":"https:\/\/api.w.org\/{rel}","templated":true}]}}